{"id":3996,"date":"2024-05-28T08:37:00","date_gmt":"2024-05-28T08:37:00","guid":{"rendered":"https:\/\/tulpenzee.dunepebbler.website\/?page_id=3996"},"modified":"2024-06-18T19:40:45","modified_gmt":"2024-06-18T19:40:45","slug":"environnements","status":"publish","type":"page","link":"https:\/\/tulpenzee.dunepebbler.website\/fr\/environnements\/","title":{"rendered":"Environnements"},"content":{"rendered":"<p>La situation unique de notre parc dans un environnement tr\u00e8s vari\u00e9 permet \u00e0 chacun d&rsquo;y trouver son compte. Allez \u00e0 la plage, dans un parc d&rsquo;attractions, visitez une ville ou des mus\u00e9es. Avec des vacances au Bungalowparck Tulp &amp; Zee, les possibilit\u00e9s sont infinies.<\/p>\n","protected":false},"excerpt":{"rendered":"<p>La situation unique de notre parc dans un environnement tr\u00e8s vari\u00e9 permet \u00e0 chacun d&rsquo;y trouver son compte. Allez \u00e0 la plage, dans un parc d&rsquo;attractions, visitez une ville ou des mus\u00e9es. Avec des vacances au Bungalowparck Tulp &amp; Zee, les possibilit\u00e9s sont infinies.<\/p>\n","protected":false},"author":3,"featured_media":4001,"parent":0,"menu_order":0,"comment_status":"closed","ping_status":"closed","template":"page-omgeving.php","meta":{"_acf_changed":false,"footnotes":""},"class_list":["post-3996","page","type-page","status-publish","has-post-thumbnail","hentry"],"acf":[],"_links":{"self":[{"href":"https:\/\/tulpenzee.dunepebbler.website\/fr\/wp-json\/wp\/v2\/pages\/3996"}],"collection":[{"href":"https:\/\/tulpenzee.dunepebbler.website\/fr\/wp-json\/wp\/v2\/pages"}],"about":[{"href":"https:\/\/tulpenzee.dunepebbler.website\/fr\/wp-json\/wp\/v2\/types\/page"}],"author":[{"embeddable":true,"href":"https:\/\/tulpenzee.dunepebbler.website\/fr\/wp-json\/wp\/v2\/users\/3"}],"replies":[{"embeddable":true,"href":"https:\/\/tulpenzee.dunepebbler.website\/fr\/wp-json\/wp\/v2\/comments?post=3996"}],"version-history":[{"count":2,"href":"https:\/\/tulpenzee.dunepebbler.website\/fr\/wp-json\/wp\/v2\/pages\/3996\/revisions"}],"predecessor-version":[{"id":4350,"href":"https:\/\/tulpenzee.dunepebbler.website\/fr\/wp-json\/wp\/v2\/pages\/3996\/revisions\/4350"}],"wp:featuredmedia":[{"embeddable":true,"href":"https:\/\/tulpenzee.dunepebbler.website\/fr\/wp-json\/wp\/v2\/media\/4001"}],"wp:attachment":[{"href":"https:\/\/tulpenzee.dunepebbler.website\/fr\/wp-json\/wp\/v2\/media?parent=3996"}],"curies":[{"name":"wp","href":"https:\/\/api.w.org\/{rel}","templated":true}]}}