{"id":3980,"date":"2024-05-28T08:35:41","date_gmt":"2024-05-28T08:35:41","guid":{"rendered":"https:\/\/tulpenzee.dunepebbler.website\/?page_id=3980"},"modified":"2025-02-22T10:42:28","modified_gmt":"2025-02-22T10:42:28","slug":"bungalows","status":"publish","type":"page","link":"https:\/\/tulpenzee.dunepebbler.website\/fr\/bungalows\/","title":{"rendered":"Bungalows"},"content":{"rendered":"<p>Les bungalows du Bungalowparck Tulp &amp; Zee sont tous ind\u00e9pendants, spacieux et enti\u00e8rement \u00e9quip\u00e9s. Chaque bungalow est identique dans notre parc de bungalows et dispose d&rsquo;un parking priv\u00e9 \u00e0 c\u00f4t\u00e9 du bungalow, d&rsquo;une terrasse priv\u00e9e, d&rsquo;une v\u00e9randa et d&rsquo;un jardin spacieux. Le logement est confortable en toute saison. En \u00e9t\u00e9, vous pouvez ouvrir les portes et manger dans le jardin. En hiver, vous pourrez profiter du chauffage au sol et de l&rsquo;espace salon spacieux.<\/p>\n<p>Le bungalow se compose de deux \u00e9tages. Au premier \u00e9tage se trouvent la cuisine, le coin salon, la table \u00e0 manger, les toilettes, le hall, le s\u00e8che-linge et la machine \u00e0 laver. Au deuxi\u00e8me \u00e9tage se trouvent les trois chambres et la salle de bains (lavabo, douche, toilettes).<\/p>\n","protected":false},"excerpt":{"rendered":"<p>Les bungalows du Bungalowparck Tulp &amp; Zee sont tous ind\u00e9pendants, spacieux et enti\u00e8rement \u00e9quip\u00e9s. Chaque bungalow est identique dans notre parc de bungalows et dispose d&rsquo;un parking priv\u00e9 \u00e0 c\u00f4t\u00e9 du bungalow, d&rsquo;une terrasse priv\u00e9e, d&rsquo;une v\u00e9randa et d&rsquo;un jardin spacieux. Le logement est confortable en toute saison. En \u00e9t\u00e9, vous pouvez ouvrir les portes [&hellip;]<\/p>\n","protected":false},"author":3,"featured_media":4727,"parent":0,"menu_order":0,"comment_status":"closed","ping_status":"closed","template":"page-bungalows.php","meta":{"_acf_changed":false,"footnotes":""},"class_list":["post-3980","page","type-page","status-publish","has-post-thumbnail","hentry"],"acf":[],"_links":{"self":[{"href":"https:\/\/tulpenzee.dunepebbler.website\/fr\/wp-json\/wp\/v2\/pages\/3980"}],"collection":[{"href":"https:\/\/tulpenzee.dunepebbler.website\/fr\/wp-json\/wp\/v2\/pages"}],"about":[{"href":"https:\/\/tulpenzee.dunepebbler.website\/fr\/wp-json\/wp\/v2\/types\/page"}],"author":[{"embeddable":true,"href":"https:\/\/tulpenzee.dunepebbler.website\/fr\/wp-json\/wp\/v2\/users\/3"}],"replies":[{"embeddable":true,"href":"https:\/\/tulpenzee.dunepebbler.website\/fr\/wp-json\/wp\/v2\/comments?post=3980"}],"version-history":[{"count":5,"href":"https:\/\/tulpenzee.dunepebbler.website\/fr\/wp-json\/wp\/v2\/pages\/3980\/revisions"}],"predecessor-version":[{"id":5546,"href":"https:\/\/tulpenzee.dunepebbler.website\/fr\/wp-json\/wp\/v2\/pages\/3980\/revisions\/5546"}],"wp:featuredmedia":[{"embeddable":true,"href":"https:\/\/tulpenzee.dunepebbler.website\/fr\/wp-json\/wp\/v2\/media\/4727"}],"wp:attachment":[{"href":"https:\/\/tulpenzee.dunepebbler.website\/fr\/wp-json\/wp\/v2\/media?parent=3980"}],"curies":[{"name":"wp","href":"https:\/\/api.w.org\/{rel}","templated":true}]}}