{"id":3969,"date":"2024-05-28T08:19:29","date_gmt":"2024-05-28T08:19:29","guid":{"rendered":"https:\/\/tulpenzee.dunepebbler.website\/?page_id=3969"},"modified":"2024-06-21T12:58:56","modified_gmt":"2024-06-21T12:58:56","slug":"home","status":"publish","type":"page","link":"https:\/\/tulpenzee.dunepebbler.website\/fr\/","title":{"rendered":"Home"},"content":{"rendered":"<p>Le Bungalowparck Tulp &amp; Zee (parc de vacances Noordwijk) est situ\u00e9 \u00e0 Noordwijk, derri\u00e8re les dunes, la plage et la mer. Tous les bungalows de notre parc de bungalows sont ind\u00e9pendants et disposent d&rsquo;un jardin, d&rsquo;une terrasse et d&rsquo;une v\u00e9randa couverte. Cela signifie une grande d\u00e9tente et la c\u00f4te est \u00e9galement toute proche. La mer du Nord n&rsquo;est qu&rsquo;\u00e0 quelques centaines de m\u00e8tres. Profitez du soleil pendant les chaudes journ\u00e9es d&rsquo;\u00e9t\u00e9 ou respirez l&rsquo;air frais par une belle journ\u00e9e d&rsquo;automne. La plage vous donnera toujours un sentiment de vacances. De plus, notre parc de bungalows est situ\u00e9 entre les champs de bulbes. Le centre et le boulevard de Noordwijk se trouvent \u00e0 5 kilom\u00e8tres de notre parc de bungalows. Depuis votre bungalow, vous pouvez \u00e9galement faire de belles promenades \u00e0 pied ou \u00e0 v\u00e9lo dans la r\u00e9gion des dunes, dans les villes et dans divers villages agr\u00e9ables comme Noordwijkerhout&#8230;..<\/p>\n","protected":false},"excerpt":{"rendered":"<p>Le Bungalowparck Tulp &amp; Zee (parc de vacances Noordwijk) est situ\u00e9 \u00e0 Noordwijk, derri\u00e8re les dunes, la plage et la mer. Tous les bungalows de notre parc de bungalows sont ind\u00e9pendants et disposent d&rsquo;un jardin, d&rsquo;une terrasse et d&rsquo;une v\u00e9randa couverte. Cela signifie une grande d\u00e9tente et la c\u00f4te est \u00e9galement toute proche. La mer [&hellip;]<\/p>\n","protected":false},"author":3,"featured_media":3977,"parent":0,"menu_order":0,"comment_status":"closed","ping_status":"closed","template":"","meta":{"_acf_changed":false,"footnotes":""},"class_list":["post-3969","page","type-page","status-publish","has-post-thumbnail","hentry"],"acf":[],"_links":{"self":[{"href":"https:\/\/tulpenzee.dunepebbler.website\/fr\/wp-json\/wp\/v2\/pages\/3969"}],"collection":[{"href":"https:\/\/tulpenzee.dunepebbler.website\/fr\/wp-json\/wp\/v2\/pages"}],"about":[{"href":"https:\/\/tulpenzee.dunepebbler.website\/fr\/wp-json\/wp\/v2\/types\/page"}],"author":[{"embeddable":true,"href":"https:\/\/tulpenzee.dunepebbler.website\/fr\/wp-json\/wp\/v2\/users\/3"}],"replies":[{"embeddable":true,"href":"https:\/\/tulpenzee.dunepebbler.website\/fr\/wp-json\/wp\/v2\/comments?post=3969"}],"version-history":[{"count":7,"href":"https:\/\/tulpenzee.dunepebbler.website\/fr\/wp-json\/wp\/v2\/pages\/3969\/revisions"}],"predecessor-version":[{"id":4436,"href":"https:\/\/tulpenzee.dunepebbler.website\/fr\/wp-json\/wp\/v2\/pages\/3969\/revisions\/4436"}],"wp:featuredmedia":[{"embeddable":true,"href":"https:\/\/tulpenzee.dunepebbler.website\/fr\/wp-json\/wp\/v2\/media\/3977"}],"wp:attachment":[{"href":"https:\/\/tulpenzee.dunepebbler.website\/fr\/wp-json\/wp\/v2\/media?parent=3969"}],"curies":[{"name":"wp","href":"https:\/\/api.w.org\/{rel}","templated":true}]}}