{"id":3946,"date":"2024-05-21T15:03:20","date_gmt":"2024-05-21T15:03:20","guid":{"rendered":"https:\/\/tulpenzee.dunepebbler.website\/?page_id=3946"},"modified":"2024-05-21T15:03:20","modified_gmt":"2024-05-21T15:03:20","slug":"vredes-vreugde","status":"publish","type":"page","link":"https:\/\/tulpenzee.dunepebbler.website\/fr\/vredes-vreugde\/","title":{"rendered":"Vredes Vreugde"},"content":{"rendered":"<p>Le camping Vredes Vreugde (Peace Joy) n&rsquo;est malheureusement plus disponible.<\/p>\n<p>Un espace a \u00e9t\u00e9 am\u00e9nag\u00e9 pour plusieurs bungalows. Le nouveau parc s&rsquo;appelle d\u00e9sormais : Bungalowparck Tulp &amp; Zee.<\/p>\n<p><a href=\"https:\/\/tulpenzee.dunepebbler.website\/fr\/bungalows\/\">Cliquez ici pour les Bungalows<\/a><\/p>\n","protected":false},"excerpt":{"rendered":"<p>Le camping Vredes Vreugde (Peace Joy) n&rsquo;est malheureusement plus disponible. Un espace a \u00e9t\u00e9 am\u00e9nag\u00e9 pour plusieurs bungalows. Le nouveau parc s&rsquo;appelle d\u00e9sormais : Bungalowparck Tulp &amp; Zee. Cliquez ici pour les Bungalows<\/p>\n","protected":false},"author":1,"featured_media":0,"parent":0,"menu_order":0,"comment_status":"closed","ping_status":"closed","template":"","meta":{"_acf_changed":false,"footnotes":""},"class_list":["post-3946","page","type-page","status-publish","hentry"],"acf":[],"_links":{"self":[{"href":"https:\/\/tulpenzee.dunepebbler.website\/fr\/wp-json\/wp\/v2\/pages\/3946"}],"collection":[{"href":"https:\/\/tulpenzee.dunepebbler.website\/fr\/wp-json\/wp\/v2\/pages"}],"about":[{"href":"https:\/\/tulpenzee.dunepebbler.website\/fr\/wp-json\/wp\/v2\/types\/page"}],"author":[{"embeddable":true,"href":"https:\/\/tulpenzee.dunepebbler.website\/fr\/wp-json\/wp\/v2\/users\/1"}],"replies":[{"embeddable":true,"href":"https:\/\/tulpenzee.dunepebbler.website\/fr\/wp-json\/wp\/v2\/comments?post=3946"}],"version-history":[{"count":1,"href":"https:\/\/tulpenzee.dunepebbler.website\/fr\/wp-json\/wp\/v2\/pages\/3946\/revisions"}],"predecessor-version":[{"id":3948,"href":"https:\/\/tulpenzee.dunepebbler.website\/fr\/wp-json\/wp\/v2\/pages\/3946\/revisions\/3948"}],"wp:attachment":[{"href":"https:\/\/tulpenzee.dunepebbler.website\/fr\/wp-json\/wp\/v2\/media?parent=3946"}],"curies":[{"name":"wp","href":"https:\/\/api.w.org\/{rel}","templated":true}]}}