{"id":748,"date":"2020-12-14T08:54:38","date_gmt":"2020-12-14T08:54:38","guid":{"rendered":"https:\/\/tulpenzee.dunepebbler.website\/omgeving\/"},"modified":"2022-04-26T10:35:15","modified_gmt":"2022-04-26T10:35:15","slug":"umgebung","status":"publish","type":"page","link":"https:\/\/tulpenzee.dunepebbler.website\/de\/umgebung\/","title":{"rendered":"Umgebung"},"content":{"rendered":"<p>Unser Park liegt in einer einzigartigen Umgebung. Bis zum Strand sind es nur 15 Gehminuten. Das zweitgr\u00f6\u00dfte Naturschutzgebiet Hollands liegt direkt zu Ihren F\u00fcssen und der ber\u00fchmte Boulevard in Noordwijk ist nur 5 km entfernt. Auch die Grosst\u00e4dte wie Amsterdam, Den Haag, Haarlem und Leiden sind sehr gut und schnell erreichbar.<\/p>\n","protected":false},"excerpt":{"rendered":"<p>Unser Park liegt in einer einzigartigen Umgebung. Bis zum Strand sind es nur 15 Gehminuten. Das zweitgr\u00f6\u00dfte Naturschutzgebiet Hollands liegt direkt zu Ihren F\u00fcssen und der ber\u00fchmte Boulevard in Noordwijk ist nur 5 km entfernt. Auch die Grosst\u00e4dte wie Amsterdam, Den Haag, Haarlem und Leiden sind sehr gut und schnell erreichbar.<\/p>\n","protected":false},"author":1,"featured_media":1403,"parent":0,"menu_order":0,"comment_status":"closed","ping_status":"closed","template":"page-omgeving.php","meta":{"_acf_changed":false,"footnotes":""},"class_list":["post-748","page","type-page","status-publish","has-post-thumbnail","hentry"],"acf":[],"_links":{"self":[{"href":"https:\/\/tulpenzee.dunepebbler.website\/de\/wp-json\/wp\/v2\/pages\/748"}],"collection":[{"href":"https:\/\/tulpenzee.dunepebbler.website\/de\/wp-json\/wp\/v2\/pages"}],"about":[{"href":"https:\/\/tulpenzee.dunepebbler.website\/de\/wp-json\/wp\/v2\/types\/page"}],"author":[{"embeddable":true,"href":"https:\/\/tulpenzee.dunepebbler.website\/de\/wp-json\/wp\/v2\/users\/1"}],"replies":[{"embeddable":true,"href":"https:\/\/tulpenzee.dunepebbler.website\/de\/wp-json\/wp\/v2\/comments?post=748"}],"version-history":[{"count":4,"href":"https:\/\/tulpenzee.dunepebbler.website\/de\/wp-json\/wp\/v2\/pages\/748\/revisions"}],"predecessor-version":[{"id":1021,"href":"https:\/\/tulpenzee.dunepebbler.website\/de\/wp-json\/wp\/v2\/pages\/748\/revisions\/1021"}],"wp:featuredmedia":[{"embeddable":true,"href":"https:\/\/tulpenzee.dunepebbler.website\/de\/wp-json\/wp\/v2\/media\/1403"}],"wp:attachment":[{"href":"https:\/\/tulpenzee.dunepebbler.website\/de\/wp-json\/wp\/v2\/media?parent=748"}],"curies":[{"name":"wp","href":"https:\/\/api.w.org\/{rel}","templated":true}]}}