{"id":724,"date":"2021-02-17T10:35:42","date_gmt":"2021-02-17T10:35:42","guid":{"rendered":"https:\/\/tulpenzee.dunepebbler.website\/privacy-statement\/"},"modified":"2021-03-15T09:38:21","modified_gmt":"2021-03-15T09:38:21","slug":"privacy-verarbeitung","status":"publish","type":"page","link":"https:\/\/tulpenzee.dunepebbler.website\/de\/privacy-verarbeitung\/","title":{"rendered":"Privacy verarbeitung"},"content":{"rendered":"<h2>Verarbeitung und Sicherheit personenbezogener Daten<\/h2>\n<p>Wenn Sie eine Buchung bei Tulp &amp; Zee vornehmen m\u00f6chten, ben\u00f6tigen wir bestimmte Informationen von Ihnen. Auch in anderen F\u00e4llen, wie z.B. bei Informationsanfragen, der Verwaltung von Gewinnspielen und beim Besuch unserer Webseiten, verarbeiten wir Daten. Dabei nutzen wir auch Dritte, die bestimmte personenbezogene Daten erhalten und im Auftrag von Tulp &amp; Zee verarbeiten. Im Falle einer Buchung werden Ihre Daten selbstverst\u00e4ndlich an Tulp &amp; Zee weitergegeben.<\/p>\n<p>Nachfolgend finden Sie eine detaillierte Beschreibung, welche Daten wir verarbeiten k\u00f6nnen und was wir damit tun:<\/p>\n<p><strong>Vor- und Nachname und Geschlecht<\/strong><br \/>\nUm Sie pers\u00f6nlich im Park sowie in unserer weiteren Kommunikation ansprechen zu k\u00f6nnen, m\u00f6chten wir Ihre personenbezogenen Daten verwenden. Diese sind auch notwendig, um Ihre Buchung registrieren zu k\u00f6nnen und die Daten in das Nachtregister aufzunehmen.<\/p>\n<p><strong>Anschrift und Wohnort<\/strong><br \/>\nWir senden Ihnen die Buchungsdaten per E-Mail zu.<\/p>\n<p><strong>Telefonnummer<\/strong><br \/>\nWir m\u00fcssen Sie eventuell wegen Ihrer Buchung kontaktieren. Wir rufen Sie an oder mailen Ihnen, falls wir noch Fragen haben.<\/p>\n<p><strong>Altersdaten<\/strong><br \/>\nWer bei Tulp &amp; Zee eine Unterkunft bucht, muss mindestens 18 Jahre alt sein. Deshalb ben\u00f6tigen wir Ihre Altersdaten, wie z.B. Ihr Geburtsdatum.<\/p>\n<p><strong>Zahlungsdaten<\/strong><br \/>\nUm Ihre Buchung zu bezahlen, verwenden wir eine sichere Zahlungsumgebung. Wenn Sie mit iDeal oder Bank\u00fcberweisung bezahlen, werden Ihre Daten in unserer Verwaltungsumgebung gespeichert, um die Zahlung mit Ihrer Buchung zu verkn\u00fcpfen. Ansonsten verwenden wir Ihre Kontonummer nur, wenn Sie von uns Geld zur\u00fcckerhalten. Wenn Sie mit Kreditkarte bezahlen, senden wir Ihre Kreditkartendaten direkt aus unserer sicheren Umgebung an unseren Kreditkartenpartner, der unsere Kreditkartenzahlungen durchf\u00fchrt. Wir werden Ihre Kreditkartendaten nicht sehen. Unser Partner teilt uns nur mit, ob Ihre Zahlung erfolgreich war.<\/p>\n<p><strong>IP-Adresse<\/strong><br \/>\nEs k\u00f6nnte sein, dass wir uns im Internet Ihre IP-Adresse ansehen. Wir merken uns Ihre Einstellungen und Vorlieben und k\u00f6nnen Sie somit entsprechend beraten.<\/p>\n<p><strong>E-Mail-Adresse<\/strong><br \/>\nSie erhalten eine E-Mail \u00fcber Ihre Reservierung, Rechnung und Buchungen. Newsletter erhalten Sie ebenfalls per E-Mail. Wenn Sie keine Newsletter und Angebote mehr erhalten m\u00f6chten, k\u00f6nnen Sie sich einfach \u00fcber den Link im Newsletter abmelden.<\/p>\n<p>Wir verwenden Ihre Daten f\u00fcr folgende Zwecke.<\/p>\n<p><strong>G\u00e4steservice<\/strong><br \/>\nSie k\u00f6nnen uns anrufen, mailen und \u00fcber Social Media kontaktieren.<\/p>\n<p><strong>Partner<\/strong><br \/>\nIhre Daten werden an Tulp &amp; Zee und an Organisationen, die uns bei Ihrer Buchung unterst\u00fctzen, \u00fcbermittelt. Hierbei handelt es sich auch um Organisationen, die nicht zu Tulp &amp; Zee geh\u00f6ren.<\/p>\n<h3><strong>Kontakt, Einsichtnahme, \u00c4nderung oder L\u00f6schung von Daten und Kunden<\/strong><\/h3>\n<p>Auf Wunsch teilen wir Ihnen mit, ob wir Ihre personenbezogenen Daten verarbeiten. Sie k\u00f6nnen diese Daten auch abrufen, korrigieren, erg\u00e4nzen, l\u00f6schen oder sperren, z.B. wenn sie falsch sind.<\/p>\n<p><strong>Aufbewahrungsfrist<\/strong><br \/>\nWir werden Ihre personenbezogenen Daten so lange speichern, wie es vern\u00fcnftigerweise notwendig ist. Unter anderem aufgrund gesetzlicher Bestimmungen kann es jedoch erforderlich sein, dass wir Daten l\u00e4nger aufbewahren.<\/p>\n<p><strong>Datensicherheit<\/strong><br \/>\nF\u00fcr die Sicherheit der von uns verarbeiteten personenbezogenen Daten setzen wir umfangreiche Sicherheitsverfahren ein, unter anderem um zu verhindern, dass Unbefugte Zugang zu diesen Daten erhalten.<\/p>\n<p><strong>Cookie-Richtlinie<\/strong><br \/>\nTulp &amp; Zee und Dritte verwenden Cookies (und andere Techniken, zusammenfassend als Cookies bezeichnet), um Websites zu analysieren, benutzerfreundlicher zu gestalten, um Social Media anbieten zu k\u00f6nnen und um Ihnen relevante Angebote auf und au\u00dferhalb der Website anzeigen zu k\u00f6nnen. Mit der Nutzung der Website erkl\u00e4ren Sie sich damit einverstanden.<\/p>\n<p>Ein Cookie ist eine kleine Textdatei, die auf Ihrem Computer oder anderen Ger\u00e4ten abgelegt wird, wenn Sie eine Website besuchen. Durch das Setzen dieser Cookies kann Tulp &amp; Zee Sie sowohl unmittelbar als auch in Zukunft besser bedienen. Sowohl Tulp &amp; Zee als auch andere Parteien, mit denen wir zusammenarbeiten (z.B. Google), k\u00f6nnen Cookies auf Ihrem Computer und anderen Ger\u00e4ten setzen. Tulp &amp; Zee unterscheidet zwischen verschiedenen Arten von Cookies:<\/p>\n<p><strong>Funktionale Cookies<\/strong>\u00a0dienen der Verbesserung der Benutzerfreundlichkeit, sodass Sie z.B. nicht immer die gleiche Auswahl treffen oder sich neu einloggen m\u00fcssen, wenn Sie dies bereits getan haben.<\/p>\n<p><strong>Transaktions-Cookies<\/strong> werden verwendet, wenn Sie eine Buchung vorgenommen haben, und um ggf. Provisionen an unsere Partner zu zahlen.<\/p>\n<p><strong>Monitoring-\/Analytics-Cookies<\/strong> werden haupts\u00e4chlich im Auftrag anderer Parteien wie Google Analytics platziert. Damit kann Tulp &amp; Zee das (Be-)Suchverhalten erfassen und seine Dienstleistungen darauf abstimmen, damit wir Sie als (potentiellen) Gast noch besser bedienen k\u00f6nnen.<\/p>\n<p><strong>Marketing- oder Targeting-Cookies<\/strong> werden zur Erfassung Ihrer Interessen platziert, sodass auf und au\u00dferhalb der Websites von Tulp &amp; Zee Angebote gemacht werden, die Ihren W\u00fcnschen\/Interessen entsprechen. Au\u00dferdem kann Tulp &amp; Zee automatisch keine Angebote mehr anzeigen, wenn Sie diese bereits genutzt haben oder schon einige Male gesehen haben. Ohne diese Cookies besteht die M\u00f6glichkeit, dass Sie h\u00e4ufiger irrelevante Werbung von uns sehen. Wir m\u00f6chten Sie darauf hinweisen, dass Sie auch ohne Cookies auf Werbung von Tulp &amp; Zee sto\u00dfen k\u00f6nnen.<\/p>\n<h3>Welche Dritten setzen Cookies \u00fcber die Websites von Tulp &amp; Zee?<\/h3>\n<p>Tulp &amp; Zee arbeitet mit Dritten, die auch Cookies setzen, im Bereich Social Media zusammen, um Besucherstatistiken zu sammeln. Als Partner von Tulp &amp; Zee gelten in diesem Zusammenhang unter anderem folgende Unternehmen: Google (Plus, Maps, Analytics, AdWords).<\/p>\n<p><strong>Haben Sie ein Interesse an der Platzierung von Cookies?<\/strong><br \/>\nCookies erlauben es uns, das Surfverhalten zu analysieren und damit f\u00fcr Sie relevante Angebote zu machen. Zum Beispiel werden Sie nicht immer das gleiche Angebot sehen, das nicht Ihren W\u00fcnschen entspricht. Wir verbessern unseren Online-Service kontinuierlich durch Daten, die wir aus Trends und Verhaltensweisen auf unseren Webseiten ableiten. Wenn Sie Social Media wie Facebook oder Twitter nutzen, k\u00f6nnen Sie Ihre Interessen mithilfe von Cookies leicht teilen, ohne sich jedes Mal einloggen zu m\u00fcssen.<\/p>\n<p>Tulp &amp; Zee strebt nach einem m\u00f6glichst angenehmen Erlebnis. Cookies helfen, dieses Erlebnis auf der Website zu realisieren.<\/p>\n<p><strong>K\u00f6nnen Sie Cookies l\u00f6schen?<\/strong><br \/>\nSie k\u00f6nnen die Cookies auf Ihrem Ger\u00e4t jederzeit \u00fcber Ihren Browser l\u00f6schen. Sie k\u00f6nnen auch entscheiden, ob Sie Cookies akzeptieren m\u00f6chten oder nicht. Die meisten Webbrowser akzeptieren Cookies automatisch. Sie k\u00f6nnen Ihren Browser so einstellen, dass er Cookies ablehnt. Bitte beachten Sie, dass das Ablehnen von Cookies Ihre Nutzung unserer Website (und anderer Websites) einschr\u00e4nken kann.<\/p>\n<p><strong>\u00c4nderungen<\/strong><br \/>\nTulp &amp; Zee beh\u00e4lt sich das Recht vor, \u00c4nderungen an der Datenschutzerkl\u00e4rung vorzunehmen. \u00dcberpr\u00fcfen Sie daher regelm\u00e4\u00dfig die Datenschutzerkl\u00e4rung auf ein Update.<\/p>\n","protected":false},"excerpt":{"rendered":"<p>Verarbeitung und Sicherheit personenbezogener Daten Wenn Sie eine Buchung bei Tulp &amp; Zee vornehmen m\u00f6chten, ben\u00f6tigen wir bestimmte Informationen von Ihnen. Auch in anderen F\u00e4llen, wie z.B. bei Informationsanfragen, der Verwaltung von Gewinnspielen und beim Besuch unserer Webseiten, verarbeiten wir Daten. Dabei nutzen wir auch Dritte, die bestimmte personenbezogene Daten erhalten und im Auftrag von [&hellip;]<\/p>\n","protected":false},"author":1,"featured_media":0,"parent":0,"menu_order":0,"comment_status":"closed","ping_status":"closed","template":"","meta":{"_acf_changed":false,"footnotes":""},"class_list":["post-724","page","type-page","status-publish","hentry"],"acf":[],"_links":{"self":[{"href":"https:\/\/tulpenzee.dunepebbler.website\/de\/wp-json\/wp\/v2\/pages\/724"}],"collection":[{"href":"https:\/\/tulpenzee.dunepebbler.website\/de\/wp-json\/wp\/v2\/pages"}],"about":[{"href":"https:\/\/tulpenzee.dunepebbler.website\/de\/wp-json\/wp\/v2\/types\/page"}],"author":[{"embeddable":true,"href":"https:\/\/tulpenzee.dunepebbler.website\/de\/wp-json\/wp\/v2\/users\/1"}],"replies":[{"embeddable":true,"href":"https:\/\/tulpenzee.dunepebbler.website\/de\/wp-json\/wp\/v2\/comments?post=724"}],"version-history":[{"count":5,"href":"https:\/\/tulpenzee.dunepebbler.website\/de\/wp-json\/wp\/v2\/pages\/724\/revisions"}],"predecessor-version":[{"id":1089,"href":"https:\/\/tulpenzee.dunepebbler.website\/de\/wp-json\/wp\/v2\/pages\/724\/revisions\/1089"}],"wp:attachment":[{"href":"https:\/\/tulpenzee.dunepebbler.website\/de\/wp-json\/wp\/v2\/media?parent=724"}],"curies":[{"name":"wp","href":"https:\/\/api.w.org\/{rel}","templated":true}]}}