{"id":717,"date":"2020-12-14T08:52:16","date_gmt":"2020-12-14T08:52:16","guid":{"rendered":"https:\/\/tulpenzee.dunepebbler.website\/home\/"},"modified":"2024-10-08T12:13:05","modified_gmt":"2024-10-08T12:13:05","slug":"home","status":"publish","type":"page","link":"https:\/\/tulpenzee.dunepebbler.website\/de\/","title":{"rendered":"Bungalowparck Tulp &#038; Zee"},"content":{"rendered":"<p>Der Bungalowpark Tulp &amp; Zee mit 62 Luxus Bungalows, liegt in der wundersch\u00f6nen Umgebung von Noordwijk aan Zee. Bis zum ber\u00fchmten und beliebten Boulevard von Noordwijk\u00a0 sind er nur vier Kilometer. Er ist von etlichen Restaurants, Caf\u00e9s ges\u00e4umt. In den \u201eWinkel\u201c genannten L\u00e4den und Boutiquen k\u00f6nnen sie nach Herzenslust Shoppen. Das zweitgr\u00f6\u00dfte Naturschutzgebiet Hollands liegt direkt vor der T\u00fcr.<\/p>\n<p>Unser Bungalowpark liegt zwischen Tulpenfeldern, D\u00fcnen und ist nur 15 Gehminuten vom wundersch\u00f6nen Nordseestrand entfernt.<\/p>\n<p>Ihre Ferienwohnung in Noordwijk ist der ideale Ausgangspunkt f\u00fcr Fahrten mit dem Fahrrad, aber auch f\u00fcrs Schwimmen, Wandern und Sonnenbaden.<\/p>\n","protected":false},"excerpt":{"rendered":"<p>Der Bungalowpark Tulp &amp; Zee mit 62 Luxus Bungalows, liegt in der wundersch\u00f6nen Umgebung von Noordwijk aan Zee. Bis zum ber\u00fchmten und beliebten Boulevard von Noordwijk\u00a0 sind er nur vier Kilometer. Er ist von etlichen Restaurants, Caf\u00e9s ges\u00e4umt. In den \u201eWinkel\u201c genannten L\u00e4den und Boutiquen k\u00f6nnen sie nach Herzenslust Shoppen. Das zweitgr\u00f6\u00dfte Naturschutzgebiet Hollands liegt [&hellip;]<\/p>\n","protected":false},"author":1,"featured_media":425,"parent":0,"menu_order":0,"comment_status":"closed","ping_status":"closed","template":"","meta":{"_acf_changed":false,"footnotes":""},"class_list":["post-717","page","type-page","status-publish","has-post-thumbnail","hentry"],"acf":[],"_links":{"self":[{"href":"https:\/\/tulpenzee.dunepebbler.website\/de\/wp-json\/wp\/v2\/pages\/717"}],"collection":[{"href":"https:\/\/tulpenzee.dunepebbler.website\/de\/wp-json\/wp\/v2\/pages"}],"about":[{"href":"https:\/\/tulpenzee.dunepebbler.website\/de\/wp-json\/wp\/v2\/types\/page"}],"author":[{"embeddable":true,"href":"https:\/\/tulpenzee.dunepebbler.website\/de\/wp-json\/wp\/v2\/users\/1"}],"replies":[{"embeddable":true,"href":"https:\/\/tulpenzee.dunepebbler.website\/de\/wp-json\/wp\/v2\/comments?post=717"}],"version-history":[{"count":20,"href":"https:\/\/tulpenzee.dunepebbler.website\/de\/wp-json\/wp\/v2\/pages\/717\/revisions"}],"predecessor-version":[{"id":4963,"href":"https:\/\/tulpenzee.dunepebbler.website\/de\/wp-json\/wp\/v2\/pages\/717\/revisions\/4963"}],"wp:featuredmedia":[{"embeddable":true,"href":"https:\/\/tulpenzee.dunepebbler.website\/de\/wp-json\/wp\/v2\/media\/425"}],"wp:attachment":[{"href":"https:\/\/tulpenzee.dunepebbler.website\/de\/wp-json\/wp\/v2\/media?parent=717"}],"curies":[{"name":"wp","href":"https:\/\/api.w.org\/{rel}","templated":true}]}}